{"id":19,"date":"2018-01-29T10:17:49","date_gmt":"2018-01-29T10:17:49","guid":{"rendered":"https:\/\/fundacjafrydmantriathlon.pl\/?page_id=19"},"modified":"2020-12-04T14:30:59","modified_gmt":"2020-12-04T14:30:59","slug":"prowadzone-projekty","status":"publish","type":"page","link":"https:\/\/fundacjafrydmantriathlon.pl\/?page_id=19","title":{"rendered":"Prowadzone projekty"},"content":{"rendered":"<h3 class=\"Standard\">Mocarny Zb\u00f3j (od 2010 do 2020)<\/h3>\n<p class=\"Standard\">Najstarsze, nieprzerwanie organizowane zawody Crosstriathlonowe w Polsce. Triathlon, je\u015bli kto\u015b jeszcze nie wie, to dyscyplina sportowa sk\u0142adaj\u0105ca si\u0119 kolejno z p\u0142ywania, jazdy na rowerze i biegu. Cross znaczy terenowy, gdzie jazda rowerowa i bieg przebiega praktycznie poza drogami asfaltowymi. P\u0142ywanie odbywa si\u0119 w g\u00f3rskim jeziorze, kt\u00f3re nie zawsze jest ciep\u0142e. Dodatkow\u0105 atrakcj\u0105 jest podr\u00f3\u017c statkiem na start, kt\u00f3ry jest w Czorsztynie. Przep\u0142yni\u0119cie dystansu 1,3 km wymaga umiej\u0119tno\u015bci nawigowania w wodach otwartych. Po wyj\u015bciu z wody w Niedzicy-Zamek zawodnicy przesiadaj\u0105 si\u0119 na rowery. Maj\u0105 do pokonania trzy p\u0119tle po 11 km . Prowadz\u0105 one le\u015bnymi drogami wok\u00f3\u0142 g\u00f3r Cis\u00f3wka, Hombark i Barwinkowa G\u00f3ra na Polskim Spiszu. Trasa wymaga kondycji przy podjazdach i dobrej techniki na zjazdach. Bieg to ci\u0119\u017cka wspinaczka, prowadzona przez w\u0105skie le\u015bne szlaki, kt\u00f3ry gwarantuje niebywa\u0142\u0105 satysfakcj\u0119 na mecie.<\/p>\n<h3 class=\"Standard\">Frydman Triathlon (od 2010)<\/h3>\n<p>S\u0105 to zawody na kt\u00f3rych go\u015bci u nas najwi\u0119cej os\u00f3b, ze wzgl\u0119du na mo\u017cliwo\u015b\u0107 wyboru dystansu. Dystans sprinterski (750 m &#8211; 20 km &#8211; 5 km) jest idealny dla os\u00f3b zaczynaj\u0105cych swoj\u0105 przygod\u0119 z triathlonem oraz os\u00f3b bij\u0105cych w\u0142asne rekordy. Dystans Olimpijski (1500 m &#8211; 40 km &#8211; 10 km) jest przygotowany dla os\u00f3b, kt\u00f3re chc\u0105 po\u015bwi\u0119ci\u0107 wi\u0119cej czasu na podziwianie malowniczych krajobraz\u00f3w polskiego Spisza. P\u0142ywanie odbywa si\u0119 w zatoce Jeziora Czorszty\u0144skiego na przystani we Frydmanie. Z ka\u017cdego miejsca trasy jest blisko do brzegu. Podczas etapu rowerowego mo\u017cna podziwia\u0107 zabytki- zamki i ko\u015bcio\u0142y oraz krajobrazy- Gorce, Tatry i Pieniny. Trasa biegowa poprowadzona jest wa\u0142em przeciwpowodziowym oddzielaj\u0105cym jezioro od wsi. Ka\u017cdy z uczestnik\u00f3w mo\u017ce kontynuowa\u0107 swoj\u0105 zabaw\u0119 na Festynie Ludowym we Frydmanie.<\/p>\n<h3>Tatraman (od 2014)<\/h3>\n<p>Tatraman to zawody triathlonowe organizowane na zbiegu trzech pi\u0119knych krain: polskiego i s\u0142owackiego Spisza oraz Tatr. Nazwa wy\u015bcigu nawi\u0105zuje do kultowych zawod\u00f3w Ironman na Hawajach. Na mapie Polski jest wiele miejsc, gdzie mo\u017cna sprawdzi\u0107 swoje si\u0142y, jednak wi\u0119kszo\u015b\u0107 zawod\u00f3w organizowana jest na trasach prawie p\u0142askich. Tatraman to jedne z pierwszych zawod\u00f3w, gdzie mo\u017cna zmierzy\u0107 si\u0119 z wyzwaniem pokonania dystansu \u00bd Ironmana w terenie g\u00f3rskim. Trasa zawod\u00f3w przebiega od Niedzicy po\u0142o\u017conej nad Jeziorem Czorszty\u0144skim, przez polski i s\u0142owacki Spisz, a ko\u0144czy si\u0119 na szczycie Kasprowego Wierchu. Ze wzgl\u0119du na sw\u00f3j wymagaj\u0105cy charakter zawody s\u0105 kierowane g\u0142\u00f3wnie do do\u015bwiadczonych zawodnik\u00f3w, lecz r\u00f3wnie\u017c sportowcy-amatorzy maj\u0105 idealn\u0105 okazj\u0119 \u017ceby sprawdzi\u0107 swoje umiej\u0119tno\u015bci. Pi\u0119kne widoki, g\u00f3ralska go\u015bcinno\u015b\u0107, dystans \u2013 to fakt \u2013 ekstremalny, ale emocje na mecie bezcenne! To w\u0142a\u015bnie jest Tatraman!<\/p>\n","protected":false},"excerpt":{"rendered":"<p>Mocarny Zb\u00f3j (od 2010 do 2020) Najstarsze, nieprzerwanie organizowane zawody Crosstriathlonowe w Polsce. Triathlon, je\u015bli kto\u015b jeszcze nie wie, to dyscyplina sportowa sk\u0142adaj\u0105ca si\u0119 kolejno z p\u0142ywania, jazdy na rowerze i biegu. Cross znaczy terenowy, gdzie jazda rowerowa i bieg przebiega praktycznie poza drogami asfaltowymi. P\u0142ywanie odbywa si\u0119 w g\u00f3rskim jeziorze, kt\u00f3re nie zawsze jest ciep\u0142e. Dodatkow\u0105 atrakcj\u0105 jest podr\u00f3\u017c statkiem na start, kt\u00f3ry jest w Czorsztynie. Przep\u0142yni\u0119cie dystansu 1,3 km wymaga umiej\u0119tno\u015bci nawigowania w wodach otwartych. Po wyj\u015bciu z wody w Niedzicy-Zamek zawodnicy przesiadaj\u0105 si\u0119 na rowery. Maj\u0105 do pokonania trzy p\u0119tle po 11 km . Prowadz\u0105 one le\u015bnymi drogami wok\u00f3\u0142 g\u00f3r Cis\u00f3wka, Hombark i Barwinkowa G\u00f3ra na Polskim Spiszu. Trasa wymaga kondycji przy podjazdach i dobrej techniki na zjazdach. Bieg to ci\u0119\u017cka wspinaczka, prowadzona przez w\u0105skie le\u015bne szlaki, kt\u00f3ry gwarantuje niebywa\u0142\u0105 satysfakcj\u0119 na mecie. Frydman Triathlon (od 2010) S\u0105 to zawody na kt\u00f3rych go\u015bci u nas najwi\u0119cej os\u00f3b, ze wzgl\u0119du na mo\u017cliwo\u015b\u0107 wyboru dystansu. Dystans sprinterski (750 m &#8211; 20 km &#8211; 5 km) jest idealny dla os\u00f3b zaczynaj\u0105cych swoj\u0105 przygod\u0119 z triathlonem oraz os\u00f3b bij\u0105cych w\u0142asne rekordy. Dystans Olimpijski (1500 m &#8211; 40 km &#8211; 10 km) jest przygotowany dla os\u00f3b, kt\u00f3re chc\u0105 po\u015bwi\u0119ci\u0107 wi\u0119cej czasu na podziwianie malowniczych krajobraz\u00f3w polskiego Spisza. P\u0142ywanie odbywa si\u0119 w zatoce Jeziora Czorszty\u0144skiego na przystani we Frydmanie. Z ka\u017cdego miejsca trasy jest blisko do brzegu. Podczas etapu rowerowego mo\u017cna podziwia\u0107 zabytki- zamki i ko\u015bcio\u0142y oraz krajobrazy- Gorce, Tatry i Pieniny. Trasa biegowa poprowadzona jest wa\u0142em przeciwpowodziowym oddzielaj\u0105cym jezioro od wsi. Ka\u017cdy z uczestnik\u00f3w mo\u017ce kontynuowa\u0107 swoj\u0105 zabaw\u0119 na Festynie Ludowym we Frydmanie. Tatraman (od 2014) Tatraman to zawody triathlonowe organizowane na zbiegu trzech pi\u0119knych krain: polskiego i s\u0142owackiego Spisza oraz Tatr. Nazwa wy\u015bcigu nawi\u0105zuje do kultowych zawod\u00f3w Ironman na Hawajach. Na mapie Polski jest wiele miejsc, gdzie mo\u017cna sprawdzi\u0107 swoje si\u0142y, jednak wi\u0119kszo\u015b\u0107 zawod\u00f3w organizowana jest na trasach prawie p\u0142askich. Tatraman to jedne z pierwszych zawod\u00f3w, gdzie mo\u017cna zmierzy\u0107 si\u0119 z wyzwaniem pokonania dystansu \u00bd Ironmana w terenie g\u00f3rskim. Trasa zawod\u00f3w przebiega od Niedzicy po\u0142o\u017conej nad Jeziorem Czorszty\u0144skim, przez polski i s\u0142owacki Spisz, a ko\u0144czy si\u0119 na szczycie Kasprowego Wierchu. Ze wzgl\u0119du na sw\u00f3j wymagaj\u0105cy charakter zawody s\u0105 kierowane g\u0142\u00f3wnie do do\u015bwiadczonych zawodnik\u00f3w, lecz r\u00f3wnie\u017c sportowcy-amatorzy maj\u0105 idealn\u0105 okazj\u0119 \u017ceby sprawdzi\u0107 swoje umiej\u0119tno\u015bci. Pi\u0119kne widoki, g\u00f3ralska go\u015bcinno\u015b\u0107, dystans \u2013 to fakt \u2013 ekstremalny, ale emocje na mecie bezcenne! To w\u0142a\u015bnie jest Tatraman!<\/p>\n","protected":false},"author":1,"featured_media":0,"parent":0,"menu_order":0,"comment_status":"closed","ping_status":"closed","template":"","meta":{"footnotes":""},"class_list":["post-19","page","type-page","status-publish","hentry"],"yoast_head":"<!-- This site is optimized with the Yoast SEO plugin v27.4 - https:\/\/yoast.com\/product\/yoast-seo-wordpress\/ -->\n<title>Prowadzone projekty - Funadcja Frydman Triathlon<\/title>\n<meta name=\"robots\" content=\"index, follow, max-snippet:-1, max-image-preview:large, max-video-preview:-1\" \/>\n<link rel=\"canonical\" href=\"https:\/\/fundacjafrydmantriathlon.pl\/?page_id=19\" \/>\n<meta property=\"og:locale\" content=\"pl_PL\" \/>\n<meta property=\"og:type\" content=\"article\" \/>\n<meta property=\"og:title\" content=\"Prowadzone projekty - Funadcja Frydman Triathlon\" \/>\n<meta property=\"og:description\" content=\"Mocarny Zb\u00f3j (od 2010 do 2020) Najstarsze, nieprzerwanie organizowane zawody Crosstriathlonowe w Polsce. Triathlon, je\u015bli kto\u015b jeszcze nie wie, to dyscyplina sportowa sk\u0142adaj\u0105ca si\u0119 kolejno z p\u0142ywania, jazdy na rowerze i biegu. Cross znaczy terenowy, gdzie jazda rowerowa i bieg przebiega praktycznie poza drogami asfaltowymi. P\u0142ywanie odbywa si\u0119 w g\u00f3rskim jeziorze, kt\u00f3re nie zawsze jest ciep\u0142e. Dodatkow\u0105 atrakcj\u0105 jest podr\u00f3\u017c statkiem na start, kt\u00f3ry jest w Czorsztynie. Przep\u0142yni\u0119cie dystansu 1,3 km wymaga umiej\u0119tno\u015bci nawigowania w wodach otwartych. Po wyj\u015bciu z wody w Niedzicy-Zamek zawodnicy przesiadaj\u0105 si\u0119 na rowery. Maj\u0105 do pokonania trzy p\u0119tle po 11 km . Prowadz\u0105 one le\u015bnymi drogami wok\u00f3\u0142 g\u00f3r Cis\u00f3wka, Hombark i Barwinkowa G\u00f3ra na Polskim Spiszu. Trasa wymaga kondycji przy podjazdach i dobrej techniki na zjazdach. Bieg to ci\u0119\u017cka wspinaczka, prowadzona przez w\u0105skie le\u015bne szlaki, kt\u00f3ry gwarantuje niebywa\u0142\u0105 satysfakcj\u0119 na mecie. Frydman Triathlon (od 2010) S\u0105 to zawody na kt\u00f3rych go\u015bci u nas najwi\u0119cej os\u00f3b, ze wzgl\u0119du na mo\u017cliwo\u015b\u0107 wyboru dystansu. Dystans sprinterski (750 m &#8211; 20 km &#8211; 5 km) jest idealny dla os\u00f3b zaczynaj\u0105cych swoj\u0105 przygod\u0119 z triathlonem oraz os\u00f3b bij\u0105cych w\u0142asne rekordy. Dystans Olimpijski (1500 m &#8211; 40 km &#8211; 10 km) jest przygotowany dla os\u00f3b, kt\u00f3re chc\u0105 po\u015bwi\u0119ci\u0107 wi\u0119cej czasu na podziwianie malowniczych krajobraz\u00f3w polskiego Spisza. P\u0142ywanie odbywa si\u0119 w zatoce Jeziora Czorszty\u0144skiego na przystani we Frydmanie. Z ka\u017cdego miejsca trasy jest blisko do brzegu. Podczas etapu rowerowego mo\u017cna podziwia\u0107 zabytki- zamki i ko\u015bcio\u0142y oraz krajobrazy- Gorce, Tatry i Pieniny. Trasa biegowa poprowadzona jest wa\u0142em przeciwpowodziowym oddzielaj\u0105cym jezioro od wsi. Ka\u017cdy z uczestnik\u00f3w mo\u017ce kontynuowa\u0107 swoj\u0105 zabaw\u0119 na Festynie Ludowym we Frydmanie. Tatraman (od 2014) Tatraman to zawody triathlonowe organizowane na zbiegu trzech pi\u0119knych krain: polskiego i s\u0142owackiego Spisza oraz Tatr. Nazwa wy\u015bcigu nawi\u0105zuje do kultowych zawod\u00f3w Ironman na Hawajach. Na mapie Polski jest wiele miejsc, gdzie mo\u017cna sprawdzi\u0107 swoje si\u0142y, jednak wi\u0119kszo\u015b\u0107 zawod\u00f3w organizowana jest na trasach prawie p\u0142askich. Tatraman to jedne z pierwszych zawod\u00f3w, gdzie mo\u017cna zmierzy\u0107 si\u0119 z wyzwaniem pokonania dystansu \u00bd Ironmana w terenie g\u00f3rskim. Trasa zawod\u00f3w przebiega od Niedzicy po\u0142o\u017conej nad Jeziorem Czorszty\u0144skim, przez polski i s\u0142owacki Spisz, a ko\u0144czy si\u0119 na szczycie Kasprowego Wierchu. Ze wzgl\u0119du na sw\u00f3j wymagaj\u0105cy charakter zawody s\u0105 kierowane g\u0142\u00f3wnie do do\u015bwiadczonych zawodnik\u00f3w, lecz r\u00f3wnie\u017c sportowcy-amatorzy maj\u0105 idealn\u0105 okazj\u0119 \u017ceby sprawdzi\u0107 swoje umiej\u0119tno\u015bci. Pi\u0119kne widoki, g\u00f3ralska go\u015bcinno\u015b\u0107, dystans \u2013 to fakt \u2013 ekstremalny, ale emocje na mecie bezcenne! To w\u0142a\u015bnie jest Tatraman!\" \/>\n<meta property=\"og:url\" content=\"https:\/\/fundacjafrydmantriathlon.pl\/?page_id=19\" \/>\n<meta property=\"og:site_name\" content=\"Funadcja Frydman Triathlon\" \/>\n<meta property=\"article:modified_time\" content=\"2020-12-04T14:30:59+00:00\" \/>\n<meta name=\"twitter:card\" content=\"summary_large_image\" \/>\n<meta name=\"twitter:label1\" content=\"Szacowany czas czytania\" \/>\n\t<meta name=\"twitter:data1\" content=\"2 minuty\" \/>\n<script type=\"application\/ld+json\" class=\"yoast-schema-graph\">{\"@context\":\"https:\\\/\\\/schema.org\",\"@graph\":[{\"@type\":\"WebPage\",\"@id\":\"https:\\\/\\\/fundacjafrydmantriathlon.pl\\\/?page_id=19\",\"url\":\"https:\\\/\\\/fundacjafrydmantriathlon.pl\\\/?page_id=19\",\"name\":\"Prowadzone projekty - Funadcja Frydman Triathlon\",\"isPartOf\":{\"@id\":\"https:\\\/\\\/fundacjafrydmantriathlon.pl\\\/#website\"},\"datePublished\":\"2018-01-29T10:17:49+00:00\",\"dateModified\":\"2020-12-04T14:30:59+00:00\",\"breadcrumb\":{\"@id\":\"https:\\\/\\\/fundacjafrydmantriathlon.pl\\\/?page_id=19#breadcrumb\"},\"inLanguage\":\"pl-PL\",\"potentialAction\":[{\"@type\":\"ReadAction\",\"target\":[\"https:\\\/\\\/fundacjafrydmantriathlon.pl\\\/?page_id=19\"]}]},{\"@type\":\"BreadcrumbList\",\"@id\":\"https:\\\/\\\/fundacjafrydmantriathlon.pl\\\/?page_id=19#breadcrumb\",\"itemListElement\":[{\"@type\":\"ListItem\",\"position\":1,\"name\":\"Strona g\u0142\u00f3wna\",\"item\":\"https:\\\/\\\/fundacjafrydmantriathlon.pl\\\/\"},{\"@type\":\"ListItem\",\"position\":2,\"name\":\"Prowadzone projekty\"}]},{\"@type\":\"WebSite\",\"@id\":\"https:\\\/\\\/fundacjafrydmantriathlon.pl\\\/#website\",\"url\":\"https:\\\/\\\/fundacjafrydmantriathlon.pl\\\/\",\"name\":\"Funadcja Frydman Triathlon\",\"description\":\"Oficjalna strona Fundacji Frydman Triathlon\",\"publisher\":{\"@id\":\"https:\\\/\\\/fundacjafrydmantriathlon.pl\\\/#organization\"},\"potentialAction\":[{\"@type\":\"SearchAction\",\"target\":{\"@type\":\"EntryPoint\",\"urlTemplate\":\"https:\\\/\\\/fundacjafrydmantriathlon.pl\\\/?s={search_term_string}\"},\"query-input\":{\"@type\":\"PropertyValueSpecification\",\"valueRequired\":true,\"valueName\":\"search_term_string\"}}],\"inLanguage\":\"pl-PL\"},{\"@type\":\"Organization\",\"@id\":\"https:\\\/\\\/fundacjafrydmantriathlon.pl\\\/#organization\",\"name\":\"Funadcja Frydman Triathlon\",\"url\":\"https:\\\/\\\/fundacjafrydmantriathlon.pl\\\/\",\"logo\":{\"@type\":\"ImageObject\",\"inLanguage\":\"pl-PL\",\"@id\":\"https:\\\/\\\/fundacjafrydmantriathlon.pl\\\/#\\\/schema\\\/logo\\\/image\\\/\",\"url\":\"https:\\\/\\\/fundacjafrydmantriathlon.pl\\\/wp-content\\\/uploads\\\/2018\\\/10\\\/LogoFundacjaFT_kolor.png\",\"contentUrl\":\"https:\\\/\\\/fundacjafrydmantriathlon.pl\\\/wp-content\\\/uploads\\\/2018\\\/10\\\/LogoFundacjaFT_kolor.png\",\"width\":2046,\"height\":1905,\"caption\":\"Funadcja Frydman Triathlon\"},\"image\":{\"@id\":\"https:\\\/\\\/fundacjafrydmantriathlon.pl\\\/#\\\/schema\\\/logo\\\/image\\\/\"}}]}<\/script>\n<!-- \/ Yoast SEO plugin. -->","yoast_head_json":{"title":"Prowadzone projekty - Funadcja Frydman Triathlon","robots":{"index":"index","follow":"follow","max-snippet":"max-snippet:-1","max-image-preview":"max-image-preview:large","max-video-preview":"max-video-preview:-1"},"canonical":"https:\/\/fundacjafrydmantriathlon.pl\/?page_id=19","og_locale":"pl_PL","og_type":"article","og_title":"Prowadzone projekty - Funadcja Frydman Triathlon","og_description":"Mocarny Zb\u00f3j (od 2010 do 2020) Najstarsze, nieprzerwanie organizowane zawody Crosstriathlonowe w Polsce. Triathlon, je\u015bli kto\u015b jeszcze nie wie, to dyscyplina sportowa sk\u0142adaj\u0105ca si\u0119 kolejno z p\u0142ywania, jazdy na rowerze i biegu. Cross znaczy terenowy, gdzie jazda rowerowa i bieg przebiega praktycznie poza drogami asfaltowymi. P\u0142ywanie odbywa si\u0119 w g\u00f3rskim jeziorze, kt\u00f3re nie zawsze jest ciep\u0142e. Dodatkow\u0105 atrakcj\u0105 jest podr\u00f3\u017c statkiem na start, kt\u00f3ry jest w Czorsztynie. Przep\u0142yni\u0119cie dystansu 1,3 km wymaga umiej\u0119tno\u015bci nawigowania w wodach otwartych. Po wyj\u015bciu z wody w Niedzicy-Zamek zawodnicy przesiadaj\u0105 si\u0119 na rowery. Maj\u0105 do pokonania trzy p\u0119tle po 11 km . Prowadz\u0105 one le\u015bnymi drogami wok\u00f3\u0142 g\u00f3r Cis\u00f3wka, Hombark i Barwinkowa G\u00f3ra na Polskim Spiszu. Trasa wymaga kondycji przy podjazdach i dobrej techniki na zjazdach. Bieg to ci\u0119\u017cka wspinaczka, prowadzona przez w\u0105skie le\u015bne szlaki, kt\u00f3ry gwarantuje niebywa\u0142\u0105 satysfakcj\u0119 na mecie. Frydman Triathlon (od 2010) S\u0105 to zawody na kt\u00f3rych go\u015bci u nas najwi\u0119cej os\u00f3b, ze wzgl\u0119du na mo\u017cliwo\u015b\u0107 wyboru dystansu. Dystans sprinterski (750 m &#8211; 20 km &#8211; 5 km) jest idealny dla os\u00f3b zaczynaj\u0105cych swoj\u0105 przygod\u0119 z triathlonem oraz os\u00f3b bij\u0105cych w\u0142asne rekordy. Dystans Olimpijski (1500 m &#8211; 40 km &#8211; 10 km) jest przygotowany dla os\u00f3b, kt\u00f3re chc\u0105 po\u015bwi\u0119ci\u0107 wi\u0119cej czasu na podziwianie malowniczych krajobraz\u00f3w polskiego Spisza. P\u0142ywanie odbywa si\u0119 w zatoce Jeziora Czorszty\u0144skiego na przystani we Frydmanie. Z ka\u017cdego miejsca trasy jest blisko do brzegu. Podczas etapu rowerowego mo\u017cna podziwia\u0107 zabytki- zamki i ko\u015bcio\u0142y oraz krajobrazy- Gorce, Tatry i Pieniny. Trasa biegowa poprowadzona jest wa\u0142em przeciwpowodziowym oddzielaj\u0105cym jezioro od wsi. Ka\u017cdy z uczestnik\u00f3w mo\u017ce kontynuowa\u0107 swoj\u0105 zabaw\u0119 na Festynie Ludowym we Frydmanie. Tatraman (od 2014) Tatraman to zawody triathlonowe organizowane na zbiegu trzech pi\u0119knych krain: polskiego i s\u0142owackiego Spisza oraz Tatr. Nazwa wy\u015bcigu nawi\u0105zuje do kultowych zawod\u00f3w Ironman na Hawajach. Na mapie Polski jest wiele miejsc, gdzie mo\u017cna sprawdzi\u0107 swoje si\u0142y, jednak wi\u0119kszo\u015b\u0107 zawod\u00f3w organizowana jest na trasach prawie p\u0142askich. Tatraman to jedne z pierwszych zawod\u00f3w, gdzie mo\u017cna zmierzy\u0107 si\u0119 z wyzwaniem pokonania dystansu \u00bd Ironmana w terenie g\u00f3rskim. Trasa zawod\u00f3w przebiega od Niedzicy po\u0142o\u017conej nad Jeziorem Czorszty\u0144skim, przez polski i s\u0142owacki Spisz, a ko\u0144czy si\u0119 na szczycie Kasprowego Wierchu. Ze wzgl\u0119du na sw\u00f3j wymagaj\u0105cy charakter zawody s\u0105 kierowane g\u0142\u00f3wnie do do\u015bwiadczonych zawodnik\u00f3w, lecz r\u00f3wnie\u017c sportowcy-amatorzy maj\u0105 idealn\u0105 okazj\u0119 \u017ceby sprawdzi\u0107 swoje umiej\u0119tno\u015bci. Pi\u0119kne widoki, g\u00f3ralska go\u015bcinno\u015b\u0107, dystans \u2013 to fakt \u2013 ekstremalny, ale emocje na mecie bezcenne! To w\u0142a\u015bnie jest Tatraman!","og_url":"https:\/\/fundacjafrydmantriathlon.pl\/?page_id=19","og_site_name":"Funadcja Frydman Triathlon","article_modified_time":"2020-12-04T14:30:59+00:00","twitter_card":"summary_large_image","twitter_misc":{"Szacowany czas czytania":"2 minuty"},"schema":{"@context":"https:\/\/schema.org","@graph":[{"@type":"WebPage","@id":"https:\/\/fundacjafrydmantriathlon.pl\/?page_id=19","url":"https:\/\/fundacjafrydmantriathlon.pl\/?page_id=19","name":"Prowadzone projekty - Funadcja Frydman Triathlon","isPartOf":{"@id":"https:\/\/fundacjafrydmantriathlon.pl\/#website"},"datePublished":"2018-01-29T10:17:49+00:00","dateModified":"2020-12-04T14:30:59+00:00","breadcrumb":{"@id":"https:\/\/fundacjafrydmantriathlon.pl\/?page_id=19#breadcrumb"},"inLanguage":"pl-PL","potentialAction":[{"@type":"ReadAction","target":["https:\/\/fundacjafrydmantriathlon.pl\/?page_id=19"]}]},{"@type":"BreadcrumbList","@id":"https:\/\/fundacjafrydmantriathlon.pl\/?page_id=19#breadcrumb","itemListElement":[{"@type":"ListItem","position":1,"name":"Strona g\u0142\u00f3wna","item":"https:\/\/fundacjafrydmantriathlon.pl\/"},{"@type":"ListItem","position":2,"name":"Prowadzone projekty"}]},{"@type":"WebSite","@id":"https:\/\/fundacjafrydmantriathlon.pl\/#website","url":"https:\/\/fundacjafrydmantriathlon.pl\/","name":"Funadcja Frydman Triathlon","description":"Oficjalna strona Fundacji Frydman Triathlon","publisher":{"@id":"https:\/\/fundacjafrydmantriathlon.pl\/#organization"},"potentialAction":[{"@type":"SearchAction","target":{"@type":"EntryPoint","urlTemplate":"https:\/\/fundacjafrydmantriathlon.pl\/?s={search_term_string}"},"query-input":{"@type":"PropertyValueSpecification","valueRequired":true,"valueName":"search_term_string"}}],"inLanguage":"pl-PL"},{"@type":"Organization","@id":"https:\/\/fundacjafrydmantriathlon.pl\/#organization","name":"Funadcja Frydman Triathlon","url":"https:\/\/fundacjafrydmantriathlon.pl\/","logo":{"@type":"ImageObject","inLanguage":"pl-PL","@id":"https:\/\/fundacjafrydmantriathlon.pl\/#\/schema\/logo\/image\/","url":"https:\/\/fundacjafrydmantriathlon.pl\/wp-content\/uploads\/2018\/10\/LogoFundacjaFT_kolor.png","contentUrl":"https:\/\/fundacjafrydmantriathlon.pl\/wp-content\/uploads\/2018\/10\/LogoFundacjaFT_kolor.png","width":2046,"height":1905,"caption":"Funadcja Frydman Triathlon"},"image":{"@id":"https:\/\/fundacjafrydmantriathlon.pl\/#\/schema\/logo\/image\/"}}]}},"_links":{"self":[{"href":"https:\/\/fundacjafrydmantriathlon.pl\/index.php?rest_route=\/wp\/v2\/pages\/19","targetHints":{"allow":["GET"]}}],"collection":[{"href":"https:\/\/fundacjafrydmantriathlon.pl\/index.php?rest_route=\/wp\/v2\/pages"}],"about":[{"href":"https:\/\/fundacjafrydmantriathlon.pl\/index.php?rest_route=\/wp\/v2\/types\/page"}],"author":[{"embeddable":true,"href":"https:\/\/fundacjafrydmantriathlon.pl\/index.php?rest_route=\/wp\/v2\/users\/1"}],"replies":[{"embeddable":true,"href":"https:\/\/fundacjafrydmantriathlon.pl\/index.php?rest_route=%2Fwp%2Fv2%2Fcomments&post=19"}],"version-history":[{"count":6,"href":"https:\/\/fundacjafrydmantriathlon.pl\/index.php?rest_route=\/wp\/v2\/pages\/19\/revisions"}],"predecessor-version":[{"id":92,"href":"https:\/\/fundacjafrydmantriathlon.pl\/index.php?rest_route=\/wp\/v2\/pages\/19\/revisions\/92"}],"wp:attachment":[{"href":"https:\/\/fundacjafrydmantriathlon.pl\/index.php?rest_route=%2Fwp%2Fv2%2Fmedia&parent=19"}],"curies":[{"name":"wp","href":"https:\/\/api.w.org\/{rel}","templated":true}]}}