{"id":31,"date":"2018-01-29T10:24:22","date_gmt":"2018-01-29T10:24:22","guid":{"rendered":"https:\/\/fundacjafrydmantriathlon.pl\/?page_id=31"},"modified":"2021-03-18T19:15:26","modified_gmt":"2021-03-18T19:15:26","slug":"o-nas","status":"publish","type":"page","link":"https:\/\/fundacjafrydmantriathlon.pl\/","title":{"rendered":"O nas"},"content":{"rendered":"<p>Przede wszystkim jeste\u015bmy rodzin\u0105 , grup\u0105 przyjaci\u00f3\u0142, znajomych i s\u0105siad\u00f3w, kt\u00f3rych \u0142\u0105czy pasja do sportu i regionu \u2013 Spisza, Podhala i Tatr. Za\u0142o\u017cyli\u015bmy Fundacj\u0119 poniewa\u017c mamy misj\u0119 popularyzowania sportu oraz krainy w kt\u00f3rej \u017cyjemy. Frydman to nazwa miejscowo\u015bci, w kt\u00f3rej mieszkamy, gdzie r\u00f3wnie\u017c mie\u015bci si\u0119 siedziba naszej fundacji. Frydman Triathlon to tak\u017ce nazwa pierwszych zawod\u00f3w triathlonowych organizowanych na Spiszu i Podhalu, kt\u00f3re odby\u0142y si\u0119 w 2010 roku (jeszcze jako grupa nieformalna wspierana przez inne organizacje). W tym samym roku powsta\u0142 crosstriathlon &#8211; Mocarny Zb\u00f3j. Po 4 latach zorganizowali\u015bmy Tatramana, zawody przebiegaj\u0105ce przez teren Polski i S\u0142owacji na dystansie 1\/2 Ironman. Cho\u0107 brzmi to gro\u017anie nadal jeste\u015bmy t\u0105 sam\u0105 ekip\u0105 sk\u0142adaj\u0105c\u0105 si\u0119 z:<\/p>\n<ul>\n<li>mamy (Prezes fundacji)<\/li>\n<li>taty (Komandor zawod\u00f3w)<\/li>\n<li>c\u00f3rki (Szef biura zawod\u00f3w)<\/li>\n<li>syn\u00f3w (1 &#8211; Stoi tam gdzie nikt nie chce, 2 &#8211; Parkingowy, 3 &#8211; Rozstawianie boi)<\/li>\n<li>ciotek (Pilnowanie mety, Ha\u0142as)<\/li>\n<li>wujk\u00f3w (Zdj\u0119cia, Transport)<\/li>\n<li>kuzyn\u00f3w (Obstawa trasy)<\/li>\n<li>przyjaci\u00f3\u0142 (Wsparcie nie tylko duchowe)<\/li>\n<li>przyjaci\u00f3\u0142 przyjaci\u00f3\u0142 (Wsparcie duchowe)<\/li>\n<li>znajomych tych przyjaci\u00f3\u0142 przyjaci\u00f3\u0142 (kto\u015b musi podawa\u0107 wod\u0119)<\/li>\n<\/ul>\n<p>kt\u00f3rzy z pasj\u0105 (b\u0105d\u017a bez) wsp\u00f3\u0142pracuj\u0105, tworz\u0105c rodzinn\u0105 atmosfer\u0119.<\/p>\n<p><img loading=\"lazy\" decoding=\"async\" class=\"aligncenter wp-image-81 size-large\" title=\"Nasza rodzina\" src=\"https:\/\/fundacjafrydmantriathlon.pl\/wp-content\/uploads\/2019\/04\/tatraman-1024x684.jpg\" alt=\"\" width=\"960\" height=\"641\" srcset=\"https:\/\/fundacjafrydmantriathlon.pl\/wp-content\/uploads\/2019\/04\/tatraman-1024x684.jpg 1024w, https:\/\/fundacjafrydmantriathlon.pl\/wp-content\/uploads\/2019\/04\/tatraman-300x200.jpg 300w, https:\/\/fundacjafrydmantriathlon.pl\/wp-content\/uploads\/2019\/04\/tatraman-768x513.jpg 768w, https:\/\/fundacjafrydmantriathlon.pl\/wp-content\/uploads\/2019\/04\/tatraman-1140x761.jpg 1140w, https:\/\/fundacjafrydmantriathlon.pl\/wp-content\/uploads\/2019\/04\/tatraman.jpg 2048w\" sizes=\"auto, (max-width: 960px) 100vw, 960px\" \/><\/p>\n","protected":false},"excerpt":{"rendered":"<p>Przede wszystkim jeste\u015bmy rodzin\u0105 , grup\u0105 przyjaci\u00f3\u0142, znajomych i s\u0105siad\u00f3w, kt\u00f3rych \u0142\u0105czy pasja do sportu i regionu \u2013 Spisza, Podhala i Tatr. Za\u0142o\u017cyli\u015bmy Fundacj\u0119 poniewa\u017c mamy misj\u0119 popularyzowania sportu oraz krainy w kt\u00f3rej \u017cyjemy. Frydman to nazwa miejscowo\u015bci, w kt\u00f3rej mieszkamy, gdzie r\u00f3wnie\u017c mie\u015bci si\u0119 siedziba naszej fundacji. Frydman Triathlon to tak\u017ce nazwa pierwszych zawod\u00f3w triathlonowych organizowanych na Spiszu i Podhalu, kt\u00f3re odby\u0142y si\u0119 w 2010 roku (jeszcze jako grupa nieformalna wspierana przez inne organizacje). W tym samym roku powsta\u0142 crosstriathlon &#8211; Mocarny Zb\u00f3j. Po 4 latach zorganizowali\u015bmy Tatramana, zawody przebiegaj\u0105ce przez teren Polski i S\u0142owacji na dystansie 1\/2 Ironman. Cho\u0107 brzmi to gro\u017anie nadal jeste\u015bmy t\u0105 sam\u0105 ekip\u0105 sk\u0142adaj\u0105c\u0105 si\u0119 z: mamy (Prezes fundacji) taty (Komandor zawod\u00f3w) c\u00f3rki (Szef biura zawod\u00f3w) syn\u00f3w (1 &#8211; Stoi tam gdzie nikt nie chce, 2 &#8211; Parkingowy, 3 &#8211; Rozstawianie boi) ciotek (Pilnowanie mety, Ha\u0142as) wujk\u00f3w (Zdj\u0119cia, Transport) kuzyn\u00f3w (Obstawa trasy) przyjaci\u00f3\u0142 (Wsparcie nie tylko duchowe) przyjaci\u00f3\u0142 przyjaci\u00f3\u0142 (Wsparcie duchowe) znajomych tych przyjaci\u00f3\u0142 przyjaci\u00f3\u0142 (kto\u015b musi podawa\u0107 wod\u0119) kt\u00f3rzy z pasj\u0105 (b\u0105d\u017a bez) wsp\u00f3\u0142pracuj\u0105, tworz\u0105c rodzinn\u0105 atmosfer\u0119.<\/p>\n","protected":false},"author":1,"featured_media":0,"parent":0,"menu_order":0,"comment_status":"closed","ping_status":"closed","template":"","meta":{"footnotes":""},"class_list":["post-31","page","type-page","status-publish","hentry"],"yoast_head":"<!-- This site is optimized with the Yoast SEO plugin v27.4 - https:\/\/yoast.com\/product\/yoast-seo-wordpress\/ -->\n<title>Funadcja Frydman Triathlon - oficjalna strona<\/title>\n<meta name=\"description\" content=\"Jeste\u015bmy fundacj\u0105 kt\u00f3ra od 2010 roku organizuje imprezy triathlonowe na terenie Spisza i Tatr.\" \/>\n<meta name=\"robots\" content=\"index, follow, max-snippet:-1, max-image-preview:large, max-video-preview:-1\" \/>\n<link rel=\"canonical\" href=\"https:\/\/fundacjafrydmantriathlon.pl\/\" \/>\n<meta property=\"og:locale\" content=\"pl_PL\" \/>\n<meta property=\"og:type\" content=\"article\" \/>\n<meta property=\"og:title\" content=\"Funadcja Frydman Triathlon - oficjalna strona\" \/>\n<meta property=\"og:description\" content=\"Jeste\u015bmy fundacj\u0105 kt\u00f3ra od 2010 roku organizuje imprezy triathlonowe na terenie Spisza i Tatr.\" \/>\n<meta property=\"og:url\" content=\"https:\/\/fundacjafrydmantriathlon.pl\/\" \/>\n<meta property=\"og:site_name\" content=\"Funadcja Frydman Triathlon\" \/>\n<meta property=\"article:modified_time\" content=\"2021-03-18T19:15:26+00:00\" \/>\n<meta property=\"og:image\" content=\"https:\/\/fundacjafrydmantriathlon.pl\/wp-content\/uploads\/2019\/04\/tatraman-1024x684.jpg\" \/>\n<meta name=\"twitter:card\" content=\"summary_large_image\" \/>\n<meta name=\"twitter:label1\" content=\"Szacowany czas czytania\" \/>\n\t<meta name=\"twitter:data1\" content=\"1 minuta\" \/>\n<script type=\"application\/ld+json\" class=\"yoast-schema-graph\">{\"@context\":\"https:\\\/\\\/schema.org\",\"@graph\":[{\"@type\":\"WebPage\",\"@id\":\"https:\\\/\\\/fundacjafrydmantriathlon.pl\\\/\",\"url\":\"https:\\\/\\\/fundacjafrydmantriathlon.pl\\\/\",\"name\":\"Funadcja Frydman Triathlon - oficjalna strona\",\"isPartOf\":{\"@id\":\"https:\\\/\\\/fundacjafrydmantriathlon.pl\\\/#website\"},\"primaryImageOfPage\":{\"@id\":\"https:\\\/\\\/fundacjafrydmantriathlon.pl\\\/#primaryimage\"},\"image\":{\"@id\":\"https:\\\/\\\/fundacjafrydmantriathlon.pl\\\/#primaryimage\"},\"thumbnailUrl\":\"https:\\\/\\\/fundacjafrydmantriathlon.pl\\\/wp-content\\\/uploads\\\/2019\\\/04\\\/tatraman-1024x684.jpg\",\"datePublished\":\"2018-01-29T10:24:22+00:00\",\"dateModified\":\"2021-03-18T19:15:26+00:00\",\"description\":\"Jeste\u015bmy fundacj\u0105 kt\u00f3ra od 2010 roku organizuje imprezy triathlonowe na terenie Spisza i Tatr.\",\"breadcrumb\":{\"@id\":\"https:\\\/\\\/fundacjafrydmantriathlon.pl\\\/#breadcrumb\"},\"inLanguage\":\"pl-PL\",\"potentialAction\":[{\"@type\":\"ReadAction\",\"target\":[\"https:\\\/\\\/fundacjafrydmantriathlon.pl\\\/\"]}]},{\"@type\":\"ImageObject\",\"inLanguage\":\"pl-PL\",\"@id\":\"https:\\\/\\\/fundacjafrydmantriathlon.pl\\\/#primaryimage\",\"url\":\"https:\\\/\\\/fundacjafrydmantriathlon.pl\\\/wp-content\\\/uploads\\\/2019\\\/04\\\/tatraman.jpg\",\"contentUrl\":\"https:\\\/\\\/fundacjafrydmantriathlon.pl\\\/wp-content\\\/uploads\\\/2019\\\/04\\\/tatraman.jpg\",\"width\":2048,\"height\":1368},{\"@type\":\"BreadcrumbList\",\"@id\":\"https:\\\/\\\/fundacjafrydmantriathlon.pl\\\/#breadcrumb\",\"itemListElement\":[{\"@type\":\"ListItem\",\"position\":1,\"name\":\"Strona g\u0142\u00f3wna\",\"item\":\"https:\\\/\\\/fundacjafrydmantriathlon.pl\\\/\"},{\"@type\":\"ListItem\",\"position\":2,\"name\":\"O nas\"}]},{\"@type\":\"WebSite\",\"@id\":\"https:\\\/\\\/fundacjafrydmantriathlon.pl\\\/#website\",\"url\":\"https:\\\/\\\/fundacjafrydmantriathlon.pl\\\/\",\"name\":\"Funadcja Frydman Triathlon\",\"description\":\"Oficjalna strona Fundacji Frydman Triathlon\",\"publisher\":{\"@id\":\"https:\\\/\\\/fundacjafrydmantriathlon.pl\\\/#organization\"},\"potentialAction\":[{\"@type\":\"SearchAction\",\"target\":{\"@type\":\"EntryPoint\",\"urlTemplate\":\"https:\\\/\\\/fundacjafrydmantriathlon.pl\\\/?s={search_term_string}\"},\"query-input\":{\"@type\":\"PropertyValueSpecification\",\"valueRequired\":true,\"valueName\":\"search_term_string\"}}],\"inLanguage\":\"pl-PL\"},{\"@type\":\"Organization\",\"@id\":\"https:\\\/\\\/fundacjafrydmantriathlon.pl\\\/#organization\",\"name\":\"Funadcja Frydman Triathlon\",\"url\":\"https:\\\/\\\/fundacjafrydmantriathlon.pl\\\/\",\"logo\":{\"@type\":\"ImageObject\",\"inLanguage\":\"pl-PL\",\"@id\":\"https:\\\/\\\/fundacjafrydmantriathlon.pl\\\/#\\\/schema\\\/logo\\\/image\\\/\",\"url\":\"https:\\\/\\\/fundacjafrydmantriathlon.pl\\\/wp-content\\\/uploads\\\/2018\\\/10\\\/LogoFundacjaFT_kolor.png\",\"contentUrl\":\"https:\\\/\\\/fundacjafrydmantriathlon.pl\\\/wp-content\\\/uploads\\\/2018\\\/10\\\/LogoFundacjaFT_kolor.png\",\"width\":2046,\"height\":1905,\"caption\":\"Funadcja Frydman Triathlon\"},\"image\":{\"@id\":\"https:\\\/\\\/fundacjafrydmantriathlon.pl\\\/#\\\/schema\\\/logo\\\/image\\\/\"}}]}<\/script>\n<!-- \/ Yoast SEO plugin. -->","yoast_head_json":{"title":"Funadcja Frydman Triathlon - oficjalna strona","description":"Jeste\u015bmy fundacj\u0105 kt\u00f3ra od 2010 roku organizuje imprezy triathlonowe na terenie Spisza i Tatr.","robots":{"index":"index","follow":"follow","max-snippet":"max-snippet:-1","max-image-preview":"max-image-preview:large","max-video-preview":"max-video-preview:-1"},"canonical":"https:\/\/fundacjafrydmantriathlon.pl\/","og_locale":"pl_PL","og_type":"article","og_title":"Funadcja Frydman Triathlon - oficjalna strona","og_description":"Jeste\u015bmy fundacj\u0105 kt\u00f3ra od 2010 roku organizuje imprezy triathlonowe na terenie Spisza i Tatr.","og_url":"https:\/\/fundacjafrydmantriathlon.pl\/","og_site_name":"Funadcja Frydman Triathlon","article_modified_time":"2021-03-18T19:15:26+00:00","og_image":[{"url":"https:\/\/fundacjafrydmantriathlon.pl\/wp-content\/uploads\/2019\/04\/tatraman-1024x684.jpg","type":"","width":"","height":""}],"twitter_card":"summary_large_image","twitter_misc":{"Szacowany czas czytania":"1 minuta"},"schema":{"@context":"https:\/\/schema.org","@graph":[{"@type":"WebPage","@id":"https:\/\/fundacjafrydmantriathlon.pl\/","url":"https:\/\/fundacjafrydmantriathlon.pl\/","name":"Funadcja Frydman Triathlon - oficjalna strona","isPartOf":{"@id":"https:\/\/fundacjafrydmantriathlon.pl\/#website"},"primaryImageOfPage":{"@id":"https:\/\/fundacjafrydmantriathlon.pl\/#primaryimage"},"image":{"@id":"https:\/\/fundacjafrydmantriathlon.pl\/#primaryimage"},"thumbnailUrl":"https:\/\/fundacjafrydmantriathlon.pl\/wp-content\/uploads\/2019\/04\/tatraman-1024x684.jpg","datePublished":"2018-01-29T10:24:22+00:00","dateModified":"2021-03-18T19:15:26+00:00","description":"Jeste\u015bmy fundacj\u0105 kt\u00f3ra od 2010 roku organizuje imprezy triathlonowe na terenie Spisza i Tatr.","breadcrumb":{"@id":"https:\/\/fundacjafrydmantriathlon.pl\/#breadcrumb"},"inLanguage":"pl-PL","potentialAction":[{"@type":"ReadAction","target":["https:\/\/fundacjafrydmantriathlon.pl\/"]}]},{"@type":"ImageObject","inLanguage":"pl-PL","@id":"https:\/\/fundacjafrydmantriathlon.pl\/#primaryimage","url":"https:\/\/fundacjafrydmantriathlon.pl\/wp-content\/uploads\/2019\/04\/tatraman.jpg","contentUrl":"https:\/\/fundacjafrydmantriathlon.pl\/wp-content\/uploads\/2019\/04\/tatraman.jpg","width":2048,"height":1368},{"@type":"BreadcrumbList","@id":"https:\/\/fundacjafrydmantriathlon.pl\/#breadcrumb","itemListElement":[{"@type":"ListItem","position":1,"name":"Strona g\u0142\u00f3wna","item":"https:\/\/fundacjafrydmantriathlon.pl\/"},{"@type":"ListItem","position":2,"name":"O nas"}]},{"@type":"WebSite","@id":"https:\/\/fundacjafrydmantriathlon.pl\/#website","url":"https:\/\/fundacjafrydmantriathlon.pl\/","name":"Funadcja Frydman Triathlon","description":"Oficjalna strona Fundacji Frydman Triathlon","publisher":{"@id":"https:\/\/fundacjafrydmantriathlon.pl\/#organization"},"potentialAction":[{"@type":"SearchAction","target":{"@type":"EntryPoint","urlTemplate":"https:\/\/fundacjafrydmantriathlon.pl\/?s={search_term_string}"},"query-input":{"@type":"PropertyValueSpecification","valueRequired":true,"valueName":"search_term_string"}}],"inLanguage":"pl-PL"},{"@type":"Organization","@id":"https:\/\/fundacjafrydmantriathlon.pl\/#organization","name":"Funadcja Frydman Triathlon","url":"https:\/\/fundacjafrydmantriathlon.pl\/","logo":{"@type":"ImageObject","inLanguage":"pl-PL","@id":"https:\/\/fundacjafrydmantriathlon.pl\/#\/schema\/logo\/image\/","url":"https:\/\/fundacjafrydmantriathlon.pl\/wp-content\/uploads\/2018\/10\/LogoFundacjaFT_kolor.png","contentUrl":"https:\/\/fundacjafrydmantriathlon.pl\/wp-content\/uploads\/2018\/10\/LogoFundacjaFT_kolor.png","width":2046,"height":1905,"caption":"Funadcja Frydman Triathlon"},"image":{"@id":"https:\/\/fundacjafrydmantriathlon.pl\/#\/schema\/logo\/image\/"}}]}},"_links":{"self":[{"href":"https:\/\/fundacjafrydmantriathlon.pl\/index.php?rest_route=\/wp\/v2\/pages\/31","targetHints":{"allow":["GET"]}}],"collection":[{"href":"https:\/\/fundacjafrydmantriathlon.pl\/index.php?rest_route=\/wp\/v2\/pages"}],"about":[{"href":"https:\/\/fundacjafrydmantriathlon.pl\/index.php?rest_route=\/wp\/v2\/types\/page"}],"author":[{"embeddable":true,"href":"https:\/\/fundacjafrydmantriathlon.pl\/index.php?rest_route=\/wp\/v2\/users\/1"}],"replies":[{"embeddable":true,"href":"https:\/\/fundacjafrydmantriathlon.pl\/index.php?rest_route=%2Fwp%2Fv2%2Fcomments&post=31"}],"version-history":[{"count":7,"href":"https:\/\/fundacjafrydmantriathlon.pl\/index.php?rest_route=\/wp\/v2\/pages\/31\/revisions"}],"predecessor-version":[{"id":100,"href":"https:\/\/fundacjafrydmantriathlon.pl\/index.php?rest_route=\/wp\/v2\/pages\/31\/revisions\/100"}],"wp:attachment":[{"href":"https:\/\/fundacjafrydmantriathlon.pl\/index.php?rest_route=%2Fwp%2Fv2%2Fmedia&parent=31"}],"curies":[{"name":"wp","href":"https:\/\/api.w.org\/{rel}","templated":true}]}}